{"id":1756,"date":"2023-06-13T15:41:16","date_gmt":"2023-06-13T13:41:16","guid":{"rendered":"https:\/\/www.hanenkamp-gruppe.bebensee.it\/?page_id=1756"},"modified":"2023-12-11T10:54:44","modified_gmt":"2023-12-11T08:54:44","slug":"impressum","status":"publish","type":"page","link":"https:\/\/www.hanenkamp-gruppe.de\/index.php\/impressum\/","title":{"rendered":"Impressum"},"content":{"rendered":"<div class=\"fusion-fullwidth fullwidth-box fusion-builder-row-1 fusion-flex-container has-pattern-background has-mask-background nonhundred-percent-fullwidth non-hundred-percent-height-scrolling\" style=\"--awb-border-radius-top-left:0px;--awb-border-radius-top-right:0px;--awb-border-radius-bottom-right:0px;--awb-border-radius-bottom-left:0px;\" ><div class=\"fusion-builder-row fusion-row fusion-flex-align-items-flex-start\" style=\"max-width:calc( 1200px + 80px );margin-left: calc(-80px \/ 2 );margin-right: calc(-80px \/ 2 );\"><div class=\"fusion-layout-column fusion_builder_column fusion-builder-column-0 fusion_builder_column_1_1 1_1 fusion-flex-column\" style=\"--awb-bg-size:cover;--awb-width-large:100%;--awb-margin-top-large:0px;--awb-spacing-right-large:40px;--awb-margin-bottom-large:20px;--awb-spacing-left-large:40px;--awb-width-medium:100%;--awb-order-medium:0;--awb-spacing-right-medium:40px;--awb-spacing-left-medium:40px;--awb-width-small:100%;--awb-order-small:0;--awb-spacing-right-small:40px;--awb-spacing-left-small:40px;\"><div class=\"fusion-column-wrapper fusion-column-has-shadow fusion-flex-justify-content-flex-start fusion-content-layout-column\"><div class=\"fusion-text fusion-text-1\"><p><b style=\"font-size: 24px; line-height: 28.8px;\" data-fusion-font=\"true\">Adresse<\/b><\/p>\n<p><span style=\"font-weight: normal;\"><span data-fusion-font=\"true\"><span style=\"font-size: 16px;\" data-fusion-font=\"true\">BEST-OIL GmbH<br \/><\/span><\/span><\/span><span style=\"font-weight: normal;\"><span style=\"background-color: var(--awb-bg-color-hover); color: var(--awb-text-color); font-family: var(--awb-text-font-family); font-size: var(--awb-font-size); font-style: var(--awb-text-font-style); letter-spacing: var(--awb-letter-spacing); text-align: var(--awb-content-alignment); text-transform: var(--awb-text-transform);\"><span style=\"font-size: 16px;\" data-fusion-font=\"true\">Mindener Landstra\u00dfe 910<br \/><\/span><\/span><\/span><span style=\"background-color: var(--awb-bg-color-hover); color: var(--awb-text-color); font-family: var(--awb-text-font-family); font-style: var(--awb-text-font-style); letter-spacing: var(--awb-letter-spacing); text-align: var(--awb-content-alignment); text-transform: var(--awb-text-transform);\" data-fusion-font=\"true\">31582 Nienburg<br \/><\/span><span style=\"background-color: var(--awb-bg-color-hover); color: var(--awb-text-color); font-family: var(--awb-text-font-family); font-style: var(--awb-text-font-style); font-weight: var(--h5_typography-font-weight); letter-spacing: var(--awb-letter-spacing); text-align: var(--awb-content-alignment); text-transform: var(--awb-text-transform);\"><span style=\"font-size: 24px;\"><span style=\"line-height: 60.6px; color: #000000;\" data-fusion-font=\"true\">Kontakt<\/span><br \/><\/span><\/span><span style=\"color: var(--awb-text-color); font-family: var(--awb-text-font-family); font-style: var(--awb-text-font-style); font-weight: var(--awb-text-font-weight); letter-spacing: var(--awb-letter-spacing); text-align: var(--awb-content-alignment); text-transform: var(--awb-text-transform); background-color: var(--awb-bg-color-hover);\" data-fusion-font=\"true\"><b>Telefon<\/b>: <\/span><span style=\"color: var(--awb-text-color); font-family: var(--awb-text-font-family); font-size: var(--awb-font-size); font-style: var(--awb-text-font-style); letter-spacing: var(--awb-letter-spacing); text-align: var(--awb-content-alignment); text-transform: var(--awb-text-transform); background-color: var(--awb-bg-color-hover);\"><span data-fusion-font=\"true\">(0 50 21) 92 41 50 0<br \/><\/span><\/span><span style=\"color: var(--awb-text-color); font-family: var(--awb-text-font-family); font-style: var(--awb-text-font-style); font-weight: var(--awb-text-font-weight); letter-spacing: var(--awb-letter-spacing); text-align: var(--awb-content-alignment); text-transform: var(--awb-text-transform); background-color: var(--awb-bg-color-hover);\" data-fusion-font=\"true\"><b>Telefax<\/b><\/span><span style=\"color: var(--awb-text-color); font-family: var(--awb-text-font-family); font-style: var(--awb-text-font-style); letter-spacing: var(--awb-letter-spacing); text-align: var(--awb-content-alignment); text-transform: var(--awb-text-transform); background-color: var(--awb-bg-color-hover);\" data-fusion-font=\"true\">: <\/span><span style=\"color: var(--awb-text-color); font-family: var(--awb-text-font-family); font-size: var(--awb-font-size); font-style: var(--awb-text-font-style); letter-spacing: var(--awb-letter-spacing); text-align: var(--awb-content-alignment); text-transform: var(--awb-text-transform); background-color: var(--awb-bg-color-hover);\"><span data-fusion-font=\"true\"> (0 50 21) 92 41 50 9<br \/><\/span><\/span><span style=\"color: var(--awb-text-color); font-family: var(--awb-text-font-family); font-style: var(--awb-text-font-style); font-weight: var(--awb-text-font-weight); letter-spacing: var(--awb-letter-spacing); text-align: var(--awb-content-alignment); text-transform: var(--awb-text-transform); background-color: var(--awb-bg-color-hover);\" data-fusion-font=\"true\"><b>E-Mail<\/b><\/span><span style=\"color: var(--awb-text-color); font-family: var(--awb-text-font-family); font-style: var(--awb-text-font-style); letter-spacing: var(--awb-letter-spacing); text-align: var(--awb-content-alignment); text-transform: var(--awb-text-transform); background-color: var(--awb-bg-color-hover);\" data-fusion-font=\"true\">: <\/span><span style=\"color: var(--awb-text-color); font-family: var(--awb-text-font-family); font-style: var(--awb-text-font-style); letter-spacing: var(--awb-letter-spacing); text-align: var(--awb-content-alignment); text-transform: var(--awb-text-transform); background-color: var(--awb-bg-color-hover);\" data-fusion-font=\"true\">info@best-oil.eu<\/span><\/p>\n<p><span style=\"font-size: 16px;\" data-fusion-font=\"true\"><b>Gesch\u00e4ftsf\u00fchrer<\/b>: Peter &amp; Gerold Hanenkamp<\/span><b><br \/>Handelsregister<\/b>: Amtsgericht Walsrode, HRB 200997<b><br \/>USt-ID Nr<\/b>.: DE 258345948<\/p>\n<p><span style=\"font-size: 16px;\" data-fusion-font=\"true\"><b style=\"font-size: 24px; line-height: 28.8px;\" data-fusion-font=\"true\"><span style=\"color: #000000;\">Allgemeiner<\/span> Disclaimer<\/b><\/span><\/p>\n<p>F\u00fcr Vollst\u00e4ndigkeit, Fehler redaktioneller und technischer Art, Auslassungen usw. sowie die Richtigkeit der Eintragungen kann keine Haftung \u00fcbernommen werden. Insbesondere kann keine Gew\u00e4hr f\u00fcr die Vollst\u00e4ndigkeit und Richtigkeit von Informationen \u00fcbernommen werden, die \u00fcber weiterf\u00fchrende Links erreicht werden. Anbieter sind f\u00fcr die eigenen Inhalte, die sie zur Nutzung bereithalten, nach den allgemeinen Gesetzen verantwortlich. Von diesen eigenen Inhalten sind Querverweise auf die von anderen Anbietern bereitgehaltenen Inhalte zu unterscheiden. Die Verweise durch Hyperlinks auf Inhalte fremder Webseiten dienen lediglich der Information. Die Verantwortlichkeit f\u00fcr diese fremden Inhalte liegt alleine bei dem Anbieter, der die Inhalte bereith\u00e4lt. Vor dem Einrichten des entsprechenden Verweises sind die Webseiten der anderen Anbieter mit gro\u00dfer Sorgfalt und nach bestem Wissen und Gewissen \u00fcberpr\u00fcft worden. Es kann jedoch keine Gew\u00e4hr f\u00fcr die Vollst\u00e4ndigkeit und Richtigkeit von Informationen \u00fcbernommen werden, die \u00fcber weiterf\u00fchrende Hyperlinks erreicht werden. Der Inhalt der anderen Webseiten kann jederzeit ohne unser Wissen ge\u00e4ndert werden. F\u00fcr s\u00e4mtliche Links auf diesen Seiten gilt: Wir betonen, dass wir keinen Einfluss auf die Gestaltung und die Inhalte der durch Link von unserer Homepage aus erreichbaren Seiten anderer Anbieter haben und uns deren Inhalt nicht zu eigen machen. Diese Erkl\u00e4rung gilt f\u00fcr alle Seiten dieser Homepage und die dort angebrachten Links. Falls wir auf Seiten verweisen, deren Inhalt Anlass zur Beanstandung gibt, bitten wir um Mitteilung.<\/p>\n<\/div><\/div><\/div><\/div><\/div>\n","protected":false},"excerpt":{"rendered":"","protected":false},"author":1,"featured_media":0,"parent":0,"menu_order":0,"comment_status":"closed","ping_status":"closed","template":"","meta":{"footnotes":""},"class_list":["post-1756","page","type-page","status-publish","hentry"],"_links":{"self":[{"href":"https:\/\/www.hanenkamp-gruppe.de\/index.php\/wp-json\/wp\/v2\/pages\/1756","targetHints":{"allow":["GET"]}}],"collection":[{"href":"https:\/\/www.hanenkamp-gruppe.de\/index.php\/wp-json\/wp\/v2\/pages"}],"about":[{"href":"https:\/\/www.hanenkamp-gruppe.de\/index.php\/wp-json\/wp\/v2\/types\/page"}],"author":[{"embeddable":true,"href":"https:\/\/www.hanenkamp-gruppe.de\/index.php\/wp-json\/wp\/v2\/users\/1"}],"replies":[{"embeddable":true,"href":"https:\/\/www.hanenkamp-gruppe.de\/index.php\/wp-json\/wp\/v2\/comments?post=1756"}],"version-history":[{"count":5,"href":"https:\/\/www.hanenkamp-gruppe.de\/index.php\/wp-json\/wp\/v2\/pages\/1756\/revisions"}],"predecessor-version":[{"id":1992,"href":"https:\/\/www.hanenkamp-gruppe.de\/index.php\/wp-json\/wp\/v2\/pages\/1756\/revisions\/1992"}],"wp:attachment":[{"href":"https:\/\/www.hanenkamp-gruppe.de\/index.php\/wp-json\/wp\/v2\/media?parent=1756"}],"curies":[{"name":"wp","href":"https:\/\/api.w.org\/{rel}","templated":true}]}}