{"id":1808,"date":"2023-06-14T11:27:20","date_gmt":"2023-06-14T09:27:20","guid":{"rendered":"https:\/\/www.hanenkamp-gruppe.bebensee.it\/?page_id=1808"},"modified":"2023-12-11T09:44:49","modified_gmt":"2023-12-11T07:44:49","slug":"best-oil","status":"publish","type":"page","link":"https:\/\/www.hanenkamp-gruppe.de\/index.php\/best-oil\/","title":{"rendered":"BEST Oil GmbH"},"content":{"rendered":"<div class=\"fusion-fullwidth fullwidth-box fusion-builder-row-1 fusion-flex-container has-pattern-background has-mask-background nonhundred-percent-fullwidth non-hundred-percent-height-scrolling\" style=\"--awb-border-radius-top-left:0px;--awb-border-radius-top-right:0px;--awb-border-radius-bottom-right:0px;--awb-border-radius-bottom-left:0px;\" ><div class=\"fusion-builder-row fusion-row fusion-flex-align-items-flex-start\" style=\"max-width:calc( 1200px + 80px );margin-left: calc(-80px \/ 2 );margin-right: calc(-80px \/ 2 );\"><div class=\"fusion-layout-column fusion_builder_column fusion-builder-column-0 fusion_builder_column_1_1 1_1 fusion-flex-column\" style=\"--awb-bg-color:var(--awb-color2);--awb-bg-color-hover:var(--awb-color2);--awb-bg-size:cover;--awb-width-large:100%;--awb-margin-top-large:0px;--awb-spacing-right-large:40px;--awb-margin-bottom-large:20px;--awb-spacing-left-large:40px;--awb-width-medium:100%;--awb-order-medium:0;--awb-spacing-right-medium:40px;--awb-spacing-left-medium:40px;--awb-width-small:100%;--awb-order-small:0;--awb-spacing-right-small:40px;--awb-spacing-left-small:40px;\"><div class=\"fusion-column-wrapper fusion-column-has-shadow fusion-flex-justify-content-flex-start fusion-content-layout-column\"><div class=\"fusion-builder-row fusion-builder-row-inner fusion-row fusion-flex-align-items-flex-start\" style=\"width:calc( 100% + 80px ) !important;max-width:calc( 100% + 80px ) !important;margin-left: calc(-80px \/ 2 );margin-right: calc(-80px \/ 2 );\"><div class=\"fusion-layout-column fusion_builder_column_inner fusion-builder-nested-column-0 fusion_builder_column_inner_1_2 1_2 fusion-flex-column\" style=\"--awb-bg-size:cover;--awb-width-large:50%;--awb-margin-top-large:0px;--awb-spacing-right-large:40px;--awb-margin-bottom-large:20px;--awb-spacing-left-large:40px;--awb-width-medium:50%;--awb-order-medium:0;--awb-spacing-right-medium:40px;--awb-spacing-left-medium:40px;--awb-width-small:100%;--awb-order-small:0;--awb-spacing-right-small:40px;--awb-spacing-left-small:40px;\"><div class=\"fusion-column-wrapper fusion-column-has-shadow fusion-flex-justify-content-flex-start fusion-content-layout-column\"><div class=\"fusion-image-element \" style=\"--awb-caption-title-font-family:var(--h2_typography-font-family);--awb-caption-title-font-weight:var(--h2_typography-font-weight);--awb-caption-title-font-style:var(--h2_typography-font-style);--awb-caption-title-size:var(--h2_typography-font-size);--awb-caption-title-transform:var(--h2_typography-text-transform);--awb-caption-title-line-height:var(--h2_typography-line-height);--awb-caption-title-letter-spacing:var(--h2_typography-letter-spacing);\"><span class=\" fusion-imageframe imageframe-none imageframe-1 hover-type-none\" style=\"border:25px solid var(--awb-color2);\" class=\"image-magnify\" class=\"image-scroll\"><img decoding=\"async\" width=\"1024\" height=\"768\" title=\"Nienburg 2 EKW Verladung\" src=\"https:\/\/www.hanenkamp-gruppe.de\/wp-content\/uploads\/2023\/11\/Nienburg-2-EKW-Verladung-scaled.jpg\" data-orig-src=\"https:\/\/www.hanenkamp-gruppe.bebensee.it\/wp-content\/uploads\/2023\/11\/Nienburg-2-EKW-Verladung-1024x768.jpg\" alt class=\"lazyload img-responsive wp-image-1932\" srcset=\"data:image\/svg+xml,%3Csvg%20xmlns%3D%27http%3A%2F%2Fwww.w3.org%2F2000%2Fsvg%27%20width%3D%272560%27%20height%3D%271920%27%20viewBox%3D%270%200%202560%201920%27%3E%3Crect%20width%3D%272560%27%20height%3D%271920%27%20fill-opacity%3D%220%22%2F%3E%3C%2Fsvg%3E\" data-srcset=\"https:\/\/www.hanenkamp-gruppe.de\/wp-content\/uploads\/2023\/11\/Nienburg-2-EKW-Verladung-200x150.jpg 200w, https:\/\/www.hanenkamp-gruppe.de\/wp-content\/uploads\/2023\/11\/Nienburg-2-EKW-Verladung-400x300.jpg 400w, https:\/\/www.hanenkamp-gruppe.de\/wp-content\/uploads\/2023\/11\/Nienburg-2-EKW-Verladung-600x450.jpg 600w, https:\/\/www.hanenkamp-gruppe.de\/wp-content\/uploads\/2023\/11\/Nienburg-2-EKW-Verladung-800x600.jpg 800w, https:\/\/www.hanenkamp-gruppe.de\/wp-content\/uploads\/2023\/11\/Nienburg-2-EKW-Verladung-1200x900.jpg 1200w, https:\/\/www.hanenkamp-gruppe.de\/wp-content\/uploads\/2023\/11\/Nienburg-2-EKW-Verladung-scaled.jpg 2560w\" data-sizes=\"auto\" data-orig-sizes=\"(max-width: 640px) 100vw, 600px\" \/><\/span><\/div><\/div><\/div><div class=\"fusion-layout-column fusion_builder_column_inner fusion-builder-nested-column-1 fusion_builder_column_inner_1_2 1_2 fusion-flex-column\" style=\"--awb-padding-top:110px;--awb-padding-bottom:110px;--awb-bg-size:cover;--awb-width-large:50%;--awb-margin-top-large:0px;--awb-spacing-right-large:40px;--awb-margin-bottom-large:20px;--awb-spacing-left-large:40px;--awb-width-medium:50%;--awb-order-medium:0;--awb-spacing-right-medium:40px;--awb-spacing-left-medium:40px;--awb-width-small:100%;--awb-order-small:0;--awb-spacing-right-small:40px;--awb-spacing-left-small:40px;\"><div class=\"fusion-column-wrapper fusion-column-has-shadow fusion-flex-justify-content-flex-start fusion-content-layout-column\"><div class=\"fusion-image-element \" style=\"text-align:center;--awb-caption-title-font-family:var(--h2_typography-font-family);--awb-caption-title-font-weight:var(--h2_typography-font-weight);--awb-caption-title-font-style:var(--h2_typography-font-style);--awb-caption-title-size:var(--h2_typography-font-size);--awb-caption-title-transform:var(--h2_typography-text-transform);--awb-caption-title-line-height:var(--h2_typography-line-height);--awb-caption-title-letter-spacing:var(--h2_typography-letter-spacing);\"><span class=\" fusion-imageframe imageframe-none imageframe-2 hover-type-none\" class=\"image-magnify\" class=\"image-scroll\"><img decoding=\"async\" width=\"194\" height=\"46\" title=\"LogoBestOil\" src=\"data:image\/svg+xml,%3Csvg%20xmlns%3D%27http%3A%2F%2Fwww.w3.org%2F2000%2Fsvg%27%20width%3D%27194%27%20height%3D%2746%27%20viewBox%3D%270%200%20194%2046%27%3E%3Crect%20width%3D%27194%27%20height%3D%2746%27%20fill-opacity%3D%220%22%2F%3E%3C%2Fsvg%3E\" data-orig-src=\"https:\/\/www.hanenkamp-gruppe.de\/wp-content\/uploads\/2023\/06\/LogoBestOil.jpg\" alt class=\"lazyload img-responsive wp-image-1816\"\/><\/span><\/div><ul style=\"--awb-size:22px;--awb-line-height:37.4px;--awb-icon-width:37.4px;--awb-icon-height:37.4px;--awb-icon-margin:15.4px;--awb-content-margin:52.8px;\" class=\"fusion-checklist fusion-checklist-1 fusion-checklist-default type-icons\"><li class=\"fusion-li-item\" style=\"\"><span class=\"icon-wrapper circle-no\"><i class=\"fusion-li-icon awb-icon-check\" aria-hidden=\"true\"><\/i><\/span><div class=\"fusion-li-item-content\">\n<p>Umfassende Spezialisierung in Energieprodukten<\/p>\n<\/div><\/li><li class=\"fusion-li-item\" style=\"\"><span class=\"icon-wrapper circle-no\"><i class=\"fusion-li-icon awb-icon-check\" aria-hidden=\"true\"><\/i><\/span><div class=\"fusion-li-item-content\">\n<p>Robuste Lagerkapazit\u00e4ten und Flexibilit\u00e4t<\/p>\n<\/div><\/li><li class=\"fusion-li-item\" style=\"\"><span class=\"icon-wrapper circle-no\"><i class=\"fusion-li-icon awb-icon-check\" aria-hidden=\"true\"><\/i><\/span><div class=\"fusion-li-item-content\">\n<p>Versorgung anliegender deutscher Flugh\u00e4fen<\/p>\n<\/div><\/li><\/ul><\/div><\/div><\/div><\/div><\/div><div class=\"fusion-layout-column fusion_builder_column fusion-builder-column-1 fusion_builder_column_1_1 1_1 fusion-flex-column\" style=\"--awb-bg-size:cover;--awb-width-large:100%;--awb-margin-top-large:0px;--awb-spacing-right-large:40px;--awb-margin-bottom-large:20px;--awb-spacing-left-large:40px;--awb-width-medium:100%;--awb-order-medium:0;--awb-spacing-right-medium:40px;--awb-spacing-left-medium:40px;--awb-width-small:100%;--awb-order-small:0;--awb-spacing-right-small:40px;--awb-spacing-left-small:40px;\"><div class=\"fusion-column-wrapper fusion-column-has-shadow fusion-flex-justify-content-flex-start fusion-content-layout-column\"><div class=\"fusion-text fusion-text-1\"><p>Die Firma Best Oil GmbH geh\u00f6rt zur Hanenkamp-Gruppe und wurde am <span style=\"color: var(--awb-text-color); font-family: var(--awb-text-font-family); font-size: var(--awb-font-size); font-style: var(--awb-text-font-style); font-weight: var(--awb-text-font-weight); letter-spacing: var(--awb-letter-spacing); text-align: var(--awb-content-alignment); text-transform: var(--awb-text-transform); background-color: var(--awb-bg-color-hover);\">04.01.08 von den beiden Br\u00fcdern Peter Hanenkamp, jun. und Gerold <\/span><span style=\"color: var(--awb-text-color); font-family: var(--awb-text-font-family); font-size: var(--awb-font-size); font-style: var(--awb-text-font-style); font-weight: var(--awb-text-font-weight); letter-spacing: var(--awb-letter-spacing); text-align: var(--awb-content-alignment); text-transform: var(--awb-text-transform); background-color: var(--awb-bg-color-hover);\">Hanenkamp gegr\u00fcndet.<\/span><\/p>\n<p>Die Firma hat ihren Sitz in 31582 Nienburg, Mindener Landstra\u00dfe 910. <span style=\"color: var(--awb-text-color); font-family: var(--awb-text-font-family); font-size: var(--awb-font-size); font-style: var(--awb-text-font-style); font-weight: var(--awb-text-font-weight); letter-spacing: var(--awb-letter-spacing); text-align: var(--awb-content-alignment); text-transform: var(--awb-text-transform); background-color: var(--awb-bg-color-hover);\">Der haupts\u00e4chliche Aufgabenbereich der Best Oil GmbH liegt in der Bevorratung <\/span><span style=\"color: var(--awb-text-color); font-family: var(--awb-text-font-family); font-size: var(--awb-font-size); font-style: var(--awb-text-font-style); font-weight: var(--awb-text-font-weight); letter-spacing: var(--awb-letter-spacing); text-align: var(--awb-content-alignment); text-transform: var(--awb-text-transform); background-color: var(--awb-bg-color-hover);\">f\u00fcr die Bundesrepublik Deutschland und der Versorgung anliegender deutscher <\/span><span style=\"color: var(--awb-text-color); font-family: var(--awb-text-font-family); font-size: var(--awb-font-size); font-style: var(--awb-text-font-style); font-weight: var(--awb-text-font-weight); letter-spacing: var(--awb-letter-spacing); text-align: var(--awb-content-alignment); text-transform: var(--awb-text-transform); background-color: var(--awb-bg-color-hover);\">Flugh\u00e4fen. <\/span><\/p>\n<ul>\n<\/ul>\n<p><b>Das Tanklager umfasst eine Lagerkapazit\u00e4t von ca. 80.000 m\u00b3 und verf\u00fcgt \u00fcber die M\u00f6glichkeit der<\/b><\/p>\n<ul>\n<li>LKW-Verladung<\/li>\n<li>Schienenverladung<\/li>\n<li>CEPS-Anbindung (Pipeline)<\/li>\n<\/ul>\n<\/div><\/div><\/div><\/div><\/div>\n","protected":false},"excerpt":{"rendered":"","protected":false},"author":1,"featured_media":0,"parent":0,"menu_order":0,"comment_status":"closed","ping_status":"closed","template":"","meta":{"footnotes":""},"class_list":["post-1808","page","type-page","status-publish","hentry"],"_links":{"self":[{"href":"https:\/\/www.hanenkamp-gruppe.de\/index.php\/wp-json\/wp\/v2\/pages\/1808","targetHints":{"allow":["GET"]}}],"collection":[{"href":"https:\/\/www.hanenkamp-gruppe.de\/index.php\/wp-json\/wp\/v2\/pages"}],"about":[{"href":"https:\/\/www.hanenkamp-gruppe.de\/index.php\/wp-json\/wp\/v2\/types\/page"}],"author":[{"embeddable":true,"href":"https:\/\/www.hanenkamp-gruppe.de\/index.php\/wp-json\/wp\/v2\/users\/1"}],"replies":[{"embeddable":true,"href":"https:\/\/www.hanenkamp-gruppe.de\/index.php\/wp-json\/wp\/v2\/comments?post=1808"}],"version-history":[{"count":8,"href":"https:\/\/www.hanenkamp-gruppe.de\/index.php\/wp-json\/wp\/v2\/pages\/1808\/revisions"}],"predecessor-version":[{"id":1977,"href":"https:\/\/www.hanenkamp-gruppe.de\/index.php\/wp-json\/wp\/v2\/pages\/1808\/revisions\/1977"}],"wp:attachment":[{"href":"https:\/\/www.hanenkamp-gruppe.de\/index.php\/wp-json\/wp\/v2\/media?parent=1808"}],"curies":[{"name":"wp","href":"https:\/\/api.w.org\/{rel}","templated":true}]}}