{"id":24,"date":"2021-01-22T10:58:18","date_gmt":"2021-01-22T10:58:18","guid":{"rendered":"https:\/\/www.hanenkamp-gruppe.bebensee.it\/?page_id=24"},"modified":"2023-12-11T10:55:29","modified_gmt":"2023-12-11T08:55:29","slug":"privacy-policy-2","status":"publish","type":"page","link":"https:\/\/www.hanenkamp-gruppe.de\/index.php\/privacy-policy-2\/","title":{"rendered":"Datenschutz"},"content":{"rendered":"<div class=\"fusion-fullwidth fullwidth-box fusion-builder-row-1 fusion-flex-container nonhundred-percent-fullwidth non-hundred-percent-height-scrolling\" style=\"--awb-border-radius-top-left:0px;--awb-border-radius-top-right:0px;--awb-border-radius-bottom-right:0px;--awb-border-radius-bottom-left:0px;--awb-padding-top:30px;--awb-padding-bottom:90px;--awb-padding-top-small:0px;\" ><div class=\"fusion-builder-row fusion-row fusion-flex-align-items-flex-start fusion-flex-justify-content-center\" style=\"max-width:calc( 1200px + 80px );margin-left: calc(-80px \/ 2 );margin-right: calc(-80px \/ 2 );\"><div class=\"fusion-layout-column fusion_builder_column fusion-builder-column-0 fusion_builder_column_2_3 2_3 fusion-flex-column fusion-animated\" style=\"--awb-bg-size:cover;--awb-width-large:66.666666666667%;--awb-margin-top-large:0px;--awb-spacing-right-large:40px;--awb-margin-bottom-large:20px;--awb-spacing-left-large:40px;--awb-width-medium:66.666666666667%;--awb-order-medium:0;--awb-spacing-right-medium:40px;--awb-spacing-left-medium:40px;--awb-width-small:83.333333333333%;--awb-order-small:0;--awb-spacing-right-small:40px;--awb-spacing-left-small:40px;\" data-animationType=\"fadeInDown\" data-animationDuration=\"1.0\" data-animationOffset=\"top-into-view\"><div class=\"fusion-column-wrapper fusion-column-has-shadow fusion-flex-justify-content-flex-start fusion-content-layout-column\"><div class=\"fusion-title title fusion-title-1 fusion-sep-none fusion-title-text fusion-title-size-four\" style=\"--awb-margin-bottom:30px;\"><h4 class=\"title-heading-left\" style=\"margin:0;text-transform:capitalize;\"><h1 style=\"text-align: left;\"><span style=\"background-color: var(--awb-bg-color); color: var(--awb-text-color); font-family: var(--h4_typography-font-family); font-size: 1em; font-style: var(--h4_typography-font-style,normal); font-weight: normal; letter-spacing: var(--h4_typography-letter-spacing);\">Datenschutzerkl\u00e4rung <\/span><\/h1>\n<p style=\"text-align: left;\"><span style=\"font-weight: normal;\"><span style=\"font-size: 1em;\" data-fusion-font=\"true\">1. Datenschutz auf einen Blick<\/span><\/span><\/p>\n<h1 style=\"text-align: left;\"><span style=\"font-size: 20px;\" data-fusion-font=\"true\">Allgemeine Hinweise<\/span><\/h1>\n<h1 style=\"text-align: left;\"><span style=\"font-weight: normal; font-size: 16px;\" data-fusion-font=\"true\">Die folgenden Hinweise geben einen einfachen \u00dcberblick dar\u00fcber, was mit Ihren personenbezogenen Daten passiert, wenn Sie unsere Website besuchen. Personenbezogene Daten sind alle Daten, mit denen Sie pers\u00f6nlich identifiziert werden k\u00f6nnen. Ausf\u00fchrliche Informationen zum Thema Datenschutz entnehmen Sie unserer unter diesem Text aufgef\u00fchrten Datenschutzerkl\u00e4rung.<\/span><\/h1>\n<h3 style=\"text-align: left; font-size: 20px;\">Datenerfassung auf unserer Website<\/h3>\n<h1 style=\"text-align: left; font-size: 16px;\" data-fusion-font=\"true\">Wer ist verantwortlich f\u00fcr die Datenerfassung auf dieser Website?<\/h1>\n<h1 style=\"text-align: left; font-size: 16px;\"><span style=\"font-weight: normal;\">Die Datenverarbeitung auf dieser Website erfolgt durch den Websitebetreiber. Dessen Kontaktdaten k\u00f6nnen Sie dem Impressum dieser Website entnehmen.<\/span><\/h1>\n<h1 style=\"text-align: left;\"><span style=\"font-size: 16px;\" data-fusion-font=\"true\">Wie erfassen wir Ihre Daten?<br \/><\/span><\/h1>\n<h1 style=\"text-align: left;\"><span style=\"font-weight: normal;\"><span style=\"font-size: 16px;\" data-fusion-font=\"true\">Ihre Daten werden zum einen dadurch erhoben, dass Sie uns diese mitteilen. Hierbei kann es sich z.B. um Daten handeln, die Sie in ein Kontaktformular eingeben.<\/span><\/span><\/h1>\n<h1 style=\"text-align: left;\"><span style=\"font-weight: normal;\"><span style=\"font-size: 16px;\" data-fusion-font=\"true\">Andere Daten werden automatisch beim Besuch der Website durch unsere IT-Systeme erfasst. Das sind vor allem technische Daten (z.B. Internetbrowser, Betriebssystem oder Uhrzeit des Seitenaufrufs). Die Erfassung dieser Daten erfolgt automatisch, sobald Sie unsere Website betreten.<br \/><\/span><\/span><span style=\"font-size: 16px;\" data-fusion-font=\"true\"><br \/>Wof\u00fcr nutzen wir Ihre Daten?<\/span><\/h1>\n<h1 style=\"text-align: left;\"><span style=\"font-size: 16px;\" data-fusion-font=\"true\"><span style=\"font-weight: normal;\">Ein Teil der Daten wird erhoben, um eine fehlerfreie Bereitstellung der Website zu gew\u00e4hrleisten. Andere Daten k\u00f6nnen zur Analyse Ihres Nutzerverhaltens verwendet werden.<\/span><\/span><\/h1>\n<p style=\"text-align: left;\"><span style=\"font-size: 16px;\" data-fusion-font=\"true\"><strong>Welche Rechte haben Sie bez\u00fcglich Ihrer Daten?<\/strong><\/span><\/p>\n<h1 style=\"text-align: left;\"><span style=\"font-size: 16px; font-weight: normal;\" data-fusion-font=\"true\">Jede betroffene Person hat das Recht auf Auskunft nach Artikel 15 DSGVO, das Recht auf Berichtigung nach Artikel 16 DSGVO, das Recht auf L\u00f6schung nach Artikel 17 DSGVO, das Recht auf Einschr\u00e4nkung der Verarbeitung nach Artikel 18 DSGVO, das Recht auf Widerspruch aus Artikel 21 DSGVO sowie das Recht auf Daten\u00fcbertragbarkeit aus Artikel 20 DSGVO. Beim Auskunftsrecht und beim L\u00f6schungsrecht gelten die Einschr\u00e4nkungen nach \u00a7\u00a7 34 und 35 BDSG. Hierzu sowie zu weiteren Fragen zum Thema Datenschutz k\u00f6nnen Sie sich jederzeit unter der im Impressum angegebenen Adresse an uns wenden.<\/span><\/h1>\n<p><span style=\"font-weight: normal;\">&nbsp;<\/span><\/p><\/h4><\/div><\/div><\/div><\/div><\/div>\n","protected":false},"excerpt":{"rendered":"","protected":false},"author":1,"featured_media":0,"parent":0,"menu_order":0,"comment_status":"closed","ping_status":"closed","template":"100-width.php","meta":{"footnotes":""},"class_list":["post-24","page","type-page","status-publish","hentry"],"_links":{"self":[{"href":"https:\/\/www.hanenkamp-gruppe.de\/index.php\/wp-json\/wp\/v2\/pages\/24","targetHints":{"allow":["GET"]}}],"collection":[{"href":"https:\/\/www.hanenkamp-gruppe.de\/index.php\/wp-json\/wp\/v2\/pages"}],"about":[{"href":"https:\/\/www.hanenkamp-gruppe.de\/index.php\/wp-json\/wp\/v2\/types\/page"}],"author":[{"embeddable":true,"href":"https:\/\/www.hanenkamp-gruppe.de\/index.php\/wp-json\/wp\/v2\/users\/1"}],"replies":[{"embeddable":true,"href":"https:\/\/www.hanenkamp-gruppe.de\/index.php\/wp-json\/wp\/v2\/comments?post=24"}],"version-history":[{"count":8,"href":"https:\/\/www.hanenkamp-gruppe.de\/index.php\/wp-json\/wp\/v2\/pages\/24\/revisions"}],"predecessor-version":[{"id":1993,"href":"https:\/\/www.hanenkamp-gruppe.de\/index.php\/wp-json\/wp\/v2\/pages\/24\/revisions\/1993"}],"wp:attachment":[{"href":"https:\/\/www.hanenkamp-gruppe.de\/index.php\/wp-json\/wp\/v2\/media?parent=24"}],"curies":[{"name":"wp","href":"https:\/\/api.w.org\/{rel}","templated":true}]}}